{"id":22,"date":"2022-09-06T16:23:41","date_gmt":"2022-09-06T16:23:41","guid":{"rendered":"https:\/\/lachevre.eu\/?page_id=22"},"modified":"2024-12-03T14:09:32","modified_gmt":"2024-12-03T14:09:32","slug":"les-races-de-chevres","status":"publish","type":"page","link":"https:\/\/lachevre.eu\/","title":{"rendered":"Les  races de ch\u00e8vres"},"content":{"rendered":"\n<p>Il existe de nombreuses races de ch\u00e8vre, et chacune d&rsquo;entre elles a ses propres caract\u00e9ristiques. Certaines races ont une plus grande capacit\u00e9 \u00e0 produire du lait, tandis que d&rsquo;autres ont une tol\u00e9rance accrue au froid \u00e9lev\u00e9e ou disposent de caract\u00e9ristiques morphologiques int\u00e9ressantes.<\/p>\n\n\n\n<h2 class=\"wp-block-heading\">Les principales races de ch\u00e8vres<\/h2>\n\n\n<div class=\"wp-block-image\">\n<figure class=\"aligncenter size-full\"><img decoding=\"async\" loading=\"lazy\" width=\"332\" height=\"257\" src=\"https:\/\/lachevre.eu\/wp-content\/uploads\/2022\/09\/Saanenziege-1.jpg\" alt=\"\" class=\"wp-image-27\" srcset=\"https:\/\/lachevre.eu\/wp-content\/uploads\/2022\/09\/Saanenziege-1.jpg 332w, https:\/\/lachevre.eu\/wp-content\/uploads\/2022\/09\/Saanenziege-1-300x232.jpg 300w\" sizes=\"(max-width: 332px) 100vw, 332px\" \/><figcaption class=\"wp-element-caption\">Ch\u00e8vre Saanen<\/figcaption><\/figure><\/div>\n\n\n<p> <strong>La ch\u00e8vre Saanen<\/strong> est une l&rsquo;un des races les plus r\u00e9pandues. C&rsquo;est une ch\u00e8vre blanche (ou parfois cr\u00e8me) que l&rsquo;on rencontre tr\u00e8s fr\u00e9quemment dans les \u00e9levages, en particulier en Suisse, par ce que c&rsquo;est une laiti\u00e8re par excellence : elle peut produire jusqu&rsquo;\u00e0 trois litres de lait par jour (et environs 900 litres par an). Les chevrettes de cette race sont \u00e9galement appr\u00e9ci\u00e9es pour leur caract\u00e8re docile et facile \u00e0 g\u00e9rer en troupeau. <\/p>\n\n\n\n<p><\/p>\n\n\n<div class=\"wp-block-image\">\n<figure class=\"aligncenter size-large is-resized\"><img decoding=\"async\" loading=\"lazy\" width=\"1024\" height=\"783\" src=\"https:\/\/lachevre.eu\/wp-content\/uploads\/2022\/09\/Anglo-Nubian_goat__kid_Bristol_England_arp-1024x783.jpg\" alt=\"\" class=\"wp-image-25\" style=\"width:300px\" srcset=\"https:\/\/lachevre.eu\/wp-content\/uploads\/2022\/09\/Anglo-Nubian_goat__kid_Bristol_England_arp-1024x783.jpg 1024w, https:\/\/lachevre.eu\/wp-content\/uploads\/2022\/09\/Anglo-Nubian_goat__kid_Bristol_England_arp-300x229.jpg 300w, https:\/\/lachevre.eu\/wp-content\/uploads\/2022\/09\/Anglo-Nubian_goat__kid_Bristol_England_arp-768x587.jpg 768w, https:\/\/lachevre.eu\/wp-content\/uploads\/2022\/09\/Anglo-Nubian_goat__kid_Bristol_England_arp-1536x1175.jpg 1536w, https:\/\/lachevre.eu\/wp-content\/uploads\/2022\/09\/Anglo-Nubian_goat__kid_Bristol_England_arp-2048x1567.jpg 2048w\" sizes=\"(max-width: 1024px) 100vw, 1024px\" \/><figcaption class=\"wp-element-caption\">Ch\u00e8vre Anglo-nubienne et son chevreau<\/figcaption><\/figure><\/div>\n\n\n<p><strong>La ch\u00e8vre Anglo- Nubienne<\/strong> est une toute autre sorte de ch\u00e8vre. Cette ch\u00e8vre est originaire d&rsquo;Afrique et a \u00e9t\u00e9 import\u00e9e aux \u00c9tats-Unis au d\u00e9but du 20e si\u00e8cle. La ch\u00e8vre Anglo-Nubienne est connue pour sa grande capacit\u00e9 \u00e0 produire du lait, mais aussi pour sa docilit\u00e9.<\/p>\n\n\n<div class=\"wp-block-image\">\n<figure class=\"aligncenter size-large is-resized\"><img decoding=\"async\" loading=\"lazy\" width=\"1024\" height=\"682\" src=\"https:\/\/lachevre.eu\/wp-content\/uploads\/2022\/09\/goat-g8567187ea_1280-1024x682.jpg\" alt=\"\" class=\"wp-image-26\" style=\"width:300px\" srcset=\"https:\/\/lachevre.eu\/wp-content\/uploads\/2022\/09\/goat-g8567187ea_1280-1024x682.jpg 1024w, https:\/\/lachevre.eu\/wp-content\/uploads\/2022\/09\/goat-g8567187ea_1280-300x200.jpg 300w, https:\/\/lachevre.eu\/wp-content\/uploads\/2022\/09\/goat-g8567187ea_1280-768x512.jpg 768w, https:\/\/lachevre.eu\/wp-content\/uploads\/2022\/09\/goat-g8567187ea_1280.jpg 1280w\" sizes=\"(max-width: 1024px) 100vw, 1024px\" \/><figcaption class=\"wp-element-caption\">Petite ch\u00e8vre Alpine<\/figcaption><\/figure><\/div>\n\n\n<p><strong>La ch\u00e8vre Alpine<\/strong> est une race de ch\u00e8vre tr\u00e8s populaire en raison de sa grande taille et de son lait riche en mati\u00e8res grasses. Cette ch\u00e8vre est originaire des Alpes, o\u00f9 elle a \u00e9t\u00e9 \u00e9lev\u00e9e pour produire du lait et du fromage. La Grande Ch\u00e8vre des Alpes peut peser jusqu&rsquo;\u00e0 150 kg et mesurer jusqu&rsquo;\u00e0 90 cm au garrot. Les chevrettes de cette race sont particuli\u00e8rement populaires aupr\u00e8s des producteurs de lait car elles ont un taux de production de lait \u00e9lev\u00e9.<\/p>\n\n\n<div class=\"wp-block-image\">\n<figure class=\"aligncenter size-full is-resized\"><img decoding=\"async\" loading=\"lazy\" width=\"424\" height=\"318\" src=\"https:\/\/lachevre.eu\/wp-content\/uploads\/2022\/09\/Goat_at_Offley_-_-_245154-edited.jpg\" alt=\"\" class=\"wp-image-29\" style=\"width:300px\" srcset=\"https:\/\/lachevre.eu\/wp-content\/uploads\/2022\/09\/Goat_at_Offley_-_-_245154-edited.jpg 424w, https:\/\/lachevre.eu\/wp-content\/uploads\/2022\/09\/Goat_at_Offley_-_-_245154-edited-300x225.jpg 300w\" sizes=\"(max-width: 424px) 100vw, 424px\" \/><figcaption class=\"wp-element-caption\">Ch\u00e8vre British Alpine<\/figcaption><\/figure><\/div>\n\n\n<p> <strong>La ch\u00e8vre British Alpine<\/strong> est une autre race qui est pris\u00e9e par les producteurs de lait et de fromager produire. Vous ne serez pas surpris d&rsquo;apprendre qu&rsquo;elle elle est originaire &#8230; du Royaume-Uni. C&rsquo;est une race tr\u00e8s r\u00e9pandue en Europe. Les chevrettes de cette race sont \u00e9galement appr\u00e9ci\u00e9es pour leur caract\u00e8re docile, mais aussi pour leur lait riche en mati\u00e8res grasses, ce qui en fait des b\u00eates id\u00e9ales pour produire du fromage.<\/p>\n\n\n<div class=\"wp-block-image\">\n<figure class=\"aligncenter size-medium\"><img decoding=\"async\" loading=\"lazy\" width=\"300\" height=\"225\" src=\"https:\/\/lachevre.eu\/wp-content\/uploads\/2022\/09\/Toggenburger-300x225.jpg\" alt=\"\" class=\"wp-image-30\" srcset=\"https:\/\/lachevre.eu\/wp-content\/uploads\/2022\/09\/Toggenburger-300x225.jpg 300w, https:\/\/lachevre.eu\/wp-content\/uploads\/2022\/09\/Toggenburger.jpg 600w\" sizes=\"(max-width: 300px) 100vw, 300px\" \/><figcaption class=\"wp-element-caption\">Ch\u00e8vre Toggenburg (photo <a href=\"https:\/\/en.wikipedia.org\/wiki\/nl:User:Teunie\">Teunie<\/a>)<\/figcaption><\/figure><\/div>\n\n\n<p><strong>La ch\u00e8vre Toggenburg<\/strong> nous vient de Suisse. Les chevrettes de cette race sont reconnues pour le bonne capacit\u00e9 \u00e0 se reproduire et pour la qualit\u00e9 de leur lait pour les pr\u00e9parations fromag\u00e8res.  <\/p>\n\n\n<div class=\"wp-block-image\">\n<figure class=\"aligncenter size-large is-resized\"><img decoding=\"async\" loading=\"lazy\" width=\"1024\" height=\"766\" src=\"https:\/\/lachevre.eu\/wp-content\/uploads\/2022\/09\/BlackOberhasli-1024x766.jpg\" alt=\"\" class=\"wp-image-31\" style=\"width:300px\" srcset=\"https:\/\/lachevre.eu\/wp-content\/uploads\/2022\/09\/BlackOberhasli-1024x766.jpg 1024w, https:\/\/lachevre.eu\/wp-content\/uploads\/2022\/09\/BlackOberhasli-300x224.jpg 300w, https:\/\/lachevre.eu\/wp-content\/uploads\/2022\/09\/BlackOberhasli-768x575.jpg 768w, https:\/\/lachevre.eu\/wp-content\/uploads\/2022\/09\/BlackOberhasli-1536x1149.jpg 1536w, https:\/\/lachevre.eu\/wp-content\/uploads\/2022\/09\/BlackOberhasli-2048x1532.jpg 2048w\" sizes=\"(max-width: 1024px) 100vw, 1024px\" \/><figcaption class=\"wp-element-caption\">Ch\u00e8vre Oberhasli (Cr\u00e9dit <a href=\"https:\/\/commons.wikimedia.org\/w\/index.php?curid=109292552\">Thricebaked <\/a>)<\/figcaption><\/figure><\/div>\n\n\n<p><strong>La ch\u00e8vre Oberhasli<\/strong> est elle aussi originaire des Alpes, o\u00f9 elle a \u00e9t\u00e9 \u00e9lev\u00e9e pour produire du lait et du fromage. Une fois de plus, cette ch\u00e8vre tire son nom de sa contr\u00e9e d&rsquo;origine : le  canton d&rsquo;Oberhasli en Suisse. On la trouve dans de nombreux \u00e9levages, en Suisse, mais aussi dans toutes les alpes. <\/p>\n\n\n\n<blockquote class=\"wp-block-quote\">\n<p><em>La ch\u00e8vre dans les dessins satiriques sur la franc-ma\u00e7onnerie est un symbole li\u00e9 \u00e0 des l\u00e9gendes et des pr\u00e9jug\u00e9s historiques. Associ\u00e9e au diable dans l\u2019imaginaire occidental, notamment \u00e0 travers le Baphomet, elle a \u00e9t\u00e9 utilis\u00e9e par les opposants pour caricaturer les francs-ma\u00e7ons en les accusant de satanisme ou de pratiques occultes. Ces dessins exag\u00e8rent des id\u00e9es fausses sur des rites pr\u00e9tendument absurdes ou myst\u00e9rieux. En r\u00e9alit\u00e9, la ch\u00e8vre n\u2019a aucune place dans la franc-ma\u00e7onnerie, et ces repr\u00e9sentations rel\u00e8vent davantage de l\u2019humour ou de la moquerie que de faits.<\/em> <em>En explorant cette question, nous avons rencontr\u00e9 P. DE VACQUEYRAS et S.RAHM, auteurs d&rsquo;un livre de vulgarisation sur la franc-ma\u00e7onnerie.<\/em> <a href=\"https:\/\/lachevre.eu\/?p=101\">Lire l&rsquo;interview<\/a><\/p>\n<\/blockquote>\n","protected":false},"excerpt":{"rendered":"<p>Il existe de nombreuses races de ch\u00e8vre, et chacune d&rsquo;entre elles a ses propres caract\u00e9ristiques. Certaines races ont une plus grande capacit\u00e9 \u00e0 produire du lait, tandis que d&rsquo;autres ont &#8230;<\/p>\n","protected":false},"author":1,"featured_media":0,"parent":0,"menu_order":0,"comment_status":"closed","ping_status":"closed","template":"","meta":{"_mi_skip_tracking":false,"_monsterinsights_sitenote_active":false,"_monsterinsights_sitenote_note":"","_monsterinsights_sitenote_category":0,"footnotes":""},"aioseo_notices":[],"_links":{"self":[{"href":"https:\/\/lachevre.eu\/index.php?rest_route=\/wp\/v2\/pages\/22"}],"collection":[{"href":"https:\/\/lachevre.eu\/index.php?rest_route=\/wp\/v2\/pages"}],"about":[{"href":"https:\/\/lachevre.eu\/index.php?rest_route=\/wp\/v2\/types\/page"}],"author":[{"embeddable":true,"href":"https:\/\/lachevre.eu\/index.php?rest_route=\/wp\/v2\/users\/1"}],"replies":[{"embeddable":true,"href":"https:\/\/lachevre.eu\/index.php?rest_route=%2Fwp%2Fv2%2Fcomments&post=22"}],"version-history":[{"count":6,"href":"https:\/\/lachevre.eu\/index.php?rest_route=\/wp\/v2\/pages\/22\/revisions"}],"predecessor-version":[{"id":104,"href":"https:\/\/lachevre.eu\/index.php?rest_route=\/wp\/v2\/pages\/22\/revisions\/104"}],"wp:attachment":[{"href":"https:\/\/lachevre.eu\/index.php?rest_route=%2Fwp%2Fv2%2Fmedia&parent=22"}],"curies":[{"name":"wp","href":"https:\/\/api.w.org\/{rel}","templated":true}]}}