{"id":43,"date":"2022-09-07T11:35:18","date_gmt":"2022-09-07T11:35:18","guid":{"rendered":"https:\/\/lachevre.eu\/?page_id=43"},"modified":"2022-09-11T11:39:52","modified_gmt":"2022-09-11T11:39:52","slug":"les-types-des-chevres","status":"publish","type":"page","link":"https:\/\/lachevre.eu\/?page_id=43","title":{"rendered":"Les types de ch\u00e8vre"},"content":{"rendered":"<div class=\"wp-block-image\">\n<figure class=\"aligncenter size-large is-resized\"><img decoding=\"async\" src=\"https:\/\/lachevre.eu\/wp-content\/uploads\/2022\/09\/goats-gd8519a060_1920-1024x708.jpg\" alt=\"\" class=\"wp-image-48\" width=\"300\" srcset=\"https:\/\/lachevre.eu\/wp-content\/uploads\/2022\/09\/goats-gd8519a060_1920-1024x708.jpg 1024w, https:\/\/lachevre.eu\/wp-content\/uploads\/2022\/09\/goats-gd8519a060_1920-300x208.jpg 300w, https:\/\/lachevre.eu\/wp-content\/uploads\/2022\/09\/goats-gd8519a060_1920-768x531.jpg 768w, https:\/\/lachevre.eu\/wp-content\/uploads\/2022\/09\/goats-gd8519a060_1920-1536x1062.jpg 1536w, https:\/\/lachevre.eu\/wp-content\/uploads\/2022\/09\/goats-gd8519a060_1920.jpg 1920w\" sizes=\"(max-width: 1024px) 100vw, 1024px\" \/><\/figure><\/div>\n\n\n<p>Les ch\u00e8vres ont une grande importance dans l&rsquo;\u00e9cosyst\u00e8me mais aussi dans l&rsquo;\u00e9conomie car elles sont utilis\u00e9s pour l\u2019\u00e9levage et la production de fromages. Les ch\u00e8vres ont aussi une importance sociale, elles \u00e9tant souvent adopt\u00e9es en tant qu&rsquo;animal de compagnie. Il existe enfin des ch\u00e8vres naines, qui font l\u2019objet d\u2019un \u00e9levage particulier.<\/p>\n\n\n\n<p>Les ch\u00e8vres d\u2019\u00e9levage sont principalement destin\u00e9es \u00e0 la production de viande et de lait. Les ch\u00e8vres de compagnie, quant \u00e0 elles, sont adopt\u00e9es pour leur caract\u00e8re affectueux. Les ch\u00e8vres naines sont \u00e9lev\u00e9es pour leur aspect physique particulier et parce qu&rsquo;elles ont besoin de moins d&rsquo;espace pour s&rsquo;\u00e9panouir. Les ch\u00e8vres naines sont g\u00e9n\u00e9ralement plus calmes que les ch\u00e8vres d\u2019\u00e9levage, car elles ont \u00e9t\u00e9 s\u00e9lectionn\u00e9es en partie pour ce trait de caract\u00e8re.<\/p>\n\n\n\n<p>Les ch\u00e8vres sont de mani\u00e8re g\u00e9n\u00e9rale des animaux tr\u00e8s sociales si on prend bien soin de leur offrir un environnement o\u00f9 elles pourront s&rsquo;\u00e9panouir au mieux. Elles aiment jouer et explorer, et ont besoin d\u2019une alimentation vari\u00e9e. Les ch\u00e8vres naines ont besoin de moins d\u2019espace que les ch\u00e8vres d\u2019\u00e9levage et de compagnie, car elles sont plus petites. Les ch\u00e8vres naines ont \u00e9galement besoin de moins de soins que les autres ch\u00e8vres, car elles sont g\u00e9n\u00e9ralement plus robustes.<\/p>\n\n\n\n<p>Si vous envisagez d\u2019adopter une ch\u00e8vre, assurez-vous de choisir la bonne esp\u00e8ce au regard de l&rsquo;environnement que vous pouvez lui offrir et par rapport \u00e0 vos objectifs. <\/p>\n\n\n\n<ul><li>Les ch\u00e8vres naines et de compagnie combleront les personnes qui cherchent un animal de compagnie robuste et peu exigeant.<\/li><\/ul>\n\n\n\n<ul><li>Les ch\u00e8vres d\u2019\u00e9levage quant \u00e0 elles, sont une meilleure option pour les personnes qui souhaitent produire du lait ou de la viande. <\/li><li>Quelle que soit votre raison d\u2019adopter une ch\u00e8vre, vous pouvez \u00eatre assur\u00e9.e qu&rsquo;elle va vous apporter beaucoup de joie !<\/li><\/ul>\n\n\n\n<p>Une ch\u00e8vre naine est une ch\u00e8vre de petite taille, g\u00e9n\u00e9ralement inf\u00e9rieure \u00e0 50 cm sont en r\u00e9alit\u00e9 une sous-esp\u00e8ce des ch\u00e8vres domestiques :  elles ont \u00e9t\u00e9 s\u00e9lectionn\u00e9es pour leur aspect physique particulier jusqu&rsquo;\u00e0, par s\u00e9lection, obtenir des ch\u00e8vres plus petites que la moyenne.  Les ch\u00e8vres naines ont besoin de moins d\u2019espace que les ch\u00e8vres d\u2019\u00e9levage et de compagnie, car elles sont plus petites. Les ch\u00e8vres naines ont \u00e9galement besoin de moins de soins que les autres ch\u00e8vres, car elles sont g\u00e9n\u00e9ralement plus robustes.<\/p>\n\n\n\n<p>La ch\u00e8vre naine est un excellent choix pour les personnes qui cherchent un animal de compagnie robuste et peu exigeant en terme de soin. Les ch\u00e8vres d\u2019\u00e9levage et de compagnie, quant \u00e0 elles, combleront  les personnes qui souhaitent produire du lait ou de la viande. Quelle que soit les motivations qui vous font envisager d\u2019adopter une ch\u00e8vre, soyez certain que cet animal va vous apporter beaucoup de joie !<\/p>\n","protected":false},"excerpt":{"rendered":"<p>Les ch\u00e8vres ont une grande importance dans l&rsquo;\u00e9cosyst\u00e8me mais aussi dans l&rsquo;\u00e9conomie car elles sont utilis\u00e9s pour l\u2019\u00e9levage et la production de fromages. Les ch\u00e8vres ont aussi une importance sociale, &#8230;<\/p>\n","protected":false},"author":1,"featured_media":0,"parent":0,"menu_order":0,"comment_status":"closed","ping_status":"closed","template":"","meta":{"_mi_skip_tracking":false,"_monsterinsights_sitenote_active":false,"_monsterinsights_sitenote_note":"","_monsterinsights_sitenote_category":0,"footnotes":""},"aioseo_notices":[],"_links":{"self":[{"href":"https:\/\/lachevre.eu\/index.php?rest_route=\/wp\/v2\/pages\/43"}],"collection":[{"href":"https:\/\/lachevre.eu\/index.php?rest_route=\/wp\/v2\/pages"}],"about":[{"href":"https:\/\/lachevre.eu\/index.php?rest_route=\/wp\/v2\/types\/page"}],"author":[{"embeddable":true,"href":"https:\/\/lachevre.eu\/index.php?rest_route=\/wp\/v2\/users\/1"}],"replies":[{"embeddable":true,"href":"https:\/\/lachevre.eu\/index.php?rest_route=%2Fwp%2Fv2%2Fcomments&post=43"}],"version-history":[{"count":3,"href":"https:\/\/lachevre.eu\/index.php?rest_route=\/wp\/v2\/pages\/43\/revisions"}],"predecessor-version":[{"id":65,"href":"https:\/\/lachevre.eu\/index.php?rest_route=\/wp\/v2\/pages\/43\/revisions\/65"}],"wp:attachment":[{"href":"https:\/\/lachevre.eu\/index.php?rest_route=%2Fwp%2Fv2%2Fmedia&parent=43"}],"curies":[{"name":"wp","href":"https:\/\/api.w.org\/{rel}","templated":true}]}}