{"id":50,"date":"2022-09-08T14:14:57","date_gmt":"2022-09-08T14:14:57","guid":{"rendered":"https:\/\/lachevre.eu\/?page_id=50"},"modified":"2022-09-10T09:40:59","modified_gmt":"2022-09-10T09:40:59","slug":"quel-critere-pour-le-choix-dune-chevre","status":"publish","type":"page","link":"https:\/\/lachevre.eu\/?page_id=50","title":{"rendered":"Comment choisir une ch\u00e8vre ?"},"content":{"rendered":"\n<p>Si vous voulez \u00e9lever une ch\u00e8vre, il est important de ne pas se tromper dans le choix de l&rsquo;animal. Les crit\u00e8res \u00e0 prendre en compte sont nombreux: l&rsquo;espace dont vous disposez, le temps que vous pouvez y consacrer, les besoins de la ch\u00e8vre&#8230; <\/p>\n\n\n\n<p>Quand on d\u00e9cide d&rsquo;\u00e9lever une ch\u00e8vre, on ne se lance pas \u00e0 l&rsquo;aveuglette. Il est important de choisir la bonne race en fonction de nos besoins et de notre situation. De nombreux crit\u00e8res sont \u00e0 prendre en compte avant de se lancer dans l&rsquo;aventure :<\/p>\n\n\n\n<p>&#8211; <strong>L&rsquo;espace<\/strong> dont vous disposez: une ch\u00e8vre a besoin d&rsquo;un minimum d&rsquo;espace pour pouvoir se d\u00e9placer et brouter. Si vous n&rsquo;avez pas beaucoup d&rsquo;espace, il vaut mieux choisir une ch\u00e8vre naine.<\/p>\n\n\n\n<p>&#8211; <strong>Le temps<\/strong> que vous pouvez y consacrer: \u00e9lever une ch\u00e8vre demande du temps et de l&rsquo;attention. Si vous ne pouvez pas y consacrer beaucoup de temps, il vaut mieux choisir une ch\u00e8vre qui se contentera de peu d&rsquo;attention.<\/p>\n\n\n\n<p>&#8211; <strong>Les besoins de la ch\u00e8vre<\/strong>: chaque ch\u00e8vre a des besoins particuliers en fonction de sa race. Il est important de se renseigner avant de choisir une ch\u00e8vre afin de s&rsquo;assurer que vous pourrez lui offrir ce dont elle a besoin.<\/p>\n\n\n\n<p>Une fois que vous avez pris en compte tous ces crit\u00e8res, il ne vous reste plus qu&rsquo;\u00e0 choisir la ch\u00e8vre qui vous convient le mieux! Si vous h\u00e9sitez encore, n&rsquo;h\u00e9sitez pas \u00e0 consulter un \u00e9leveur de ch\u00e8vres exp\u00e9riment\u00e9. Il saura vous conseiller et vous aider dans votre choix. Bonne chance! \ud83d\ude09<\/p>\n","protected":false},"excerpt":{"rendered":"<p>Si vous voulez \u00e9lever une ch\u00e8vre, il est important de ne pas se tromper dans le choix de l&rsquo;animal. Les crit\u00e8res \u00e0 prendre en compte sont nombreux: l&rsquo;espace dont vous &#8230;<\/p>\n","protected":false},"author":1,"featured_media":0,"parent":0,"menu_order":0,"comment_status":"closed","ping_status":"closed","template":"","meta":{"_mi_skip_tracking":false,"_monsterinsights_sitenote_active":false,"_monsterinsights_sitenote_note":"","_monsterinsights_sitenote_category":0,"footnotes":""},"aioseo_notices":[],"_links":{"self":[{"href":"https:\/\/lachevre.eu\/index.php?rest_route=\/wp\/v2\/pages\/50"}],"collection":[{"href":"https:\/\/lachevre.eu\/index.php?rest_route=\/wp\/v2\/pages"}],"about":[{"href":"https:\/\/lachevre.eu\/index.php?rest_route=\/wp\/v2\/types\/page"}],"author":[{"embeddable":true,"href":"https:\/\/lachevre.eu\/index.php?rest_route=\/wp\/v2\/users\/1"}],"replies":[{"embeddable":true,"href":"https:\/\/lachevre.eu\/index.php?rest_route=%2Fwp%2Fv2%2Fcomments&post=50"}],"version-history":[{"count":2,"href":"https:\/\/lachevre.eu\/index.php?rest_route=\/wp\/v2\/pages\/50\/revisions"}],"predecessor-version":[{"id":56,"href":"https:\/\/lachevre.eu\/index.php?rest_route=\/wp\/v2\/pages\/50\/revisions\/56"}],"wp:attachment":[{"href":"https:\/\/lachevre.eu\/index.php?rest_route=%2Fwp%2Fv2%2Fmedia&parent=50"}],"curies":[{"name":"wp","href":"https:\/\/api.w.org\/{rel}","templated":true}]}}