{"id":55,"date":"2022-09-10T09:52:52","date_gmt":"2022-09-10T09:52:52","guid":{"rendered":"https:\/\/lachevre.eu\/?page_id=55"},"modified":"2022-09-10T09:57:39","modified_gmt":"2022-09-10T09:57:39","slug":"elever-une-chevre","status":"publish","type":"page","link":"https:\/\/lachevre.eu\/?page_id=55","title":{"rendered":"\u00c9lever une ch\u00e8vre"},"content":{"rendered":"<div class=\"wp-block-image\">\n<figure class=\"aligncenter size-large is-resized\"><img decoding=\"async\" loading=\"lazy\" src=\"https:\/\/lachevre.eu\/wp-content\/uploads\/2022\/09\/goat-g16717140d_1920-1024x685.jpg\" alt=\"\" class=\"wp-image-60\" width=\"325\" height=\"216\"\/><figcaption>L&rsquo;\u00e9levage d&rsquo;une ch\u00e8vre n&rsquo;est pas que lui donner le biberon &#8230;<\/figcaption><\/figure><\/div>\n\n\n<p>Si vous avez d\u00e9cid\u00e9 d&rsquo;adopter une ch\u00e8vre, il faut vous faire \u00e0 l&rsquo;id\u00e9e que vous allez avoir devoir commencer &#8230; par r\u00e9fl\u00e9chir si vous \u00eates bien s\u00fbr de vous. <br><br>La premi\u00e8re \u00e9tape est donc de d\u00e9terminer si votre projet est r\u00e9aliste ou non. \u00c9lever des ch\u00e8vres n&rsquo;est pas difficile, mais il y a certaines choses qu&rsquo;il vous faut v\u00e9rifier avant de commencer.<\/p>\n\n\n\n<p>La premi\u00e8re chose \u00e0 faire est de trouver l&rsquo;animal mais donc de trouver l&rsquo;endroit o\u00f9 vous allez pouvoir l&rsquo;acheter en confiance. Si vous ne connaissez personne qui \u00e9l\u00e8ve des ch\u00e8vres, vous pouvez vous rapprocher d&rsquo;une des nombreuses fermes qui vendent des ch\u00e8vres. Vous pouvez \u00e9galement acheter une ch\u00e8vre en ligne, aussi \u00e9tonnant que cela puisse paraitre. Il existe de nombreux sites Web o\u00f9 l&rsquo;on trouve des annonces de ch\u00e8vres et fournissent toutes les informations pour vous aider \u00e0  prendre soin de votre nouvel animal.<\/p>\n\n\n\n<p>Une fois que vous avez trouv\u00e9 votre ch\u00e8vre, l&rsquo;\u00e9tape suivante est de l&rsquo;amener \u00e0 la maison. Vous aurez besoin d&rsquo;un enclos o\u00f9 installer votre ch\u00e8vre et assurer sa s\u00e9curit\u00e9. Les cl\u00f4tures doivent \u00eatre assez hautes pour emp\u00eacher les ch\u00e8vres de se sauver en sautant par-dessus. La cl\u00f4ture doit \u00eatre assez solides pour emp\u00eacher les pr\u00e9dateurs d&rsquo;entrer. Vous aurez \u00e9galement besoin d&rsquo;une mangeoire et d&rsquo;un abreuvoir. Il y a de nombreux types de mangeoires et d&rsquo;abreuvoirs disponibles, mais il est important de choisir quelque chose qui conviendra \u00e0 votre ch\u00e8vre ou \u00e0 vos ch\u00e8vres si vous en achetez plusieurs.<\/p>\n\n\n\n<p>Ensuite, la prochaine \u00e9tape consiste \u00e0 l&rsquo;habituer votre ch\u00e8vre \u00e0 sa nouvelle maison. L&rsquo;adaptation de votre animal peut prendre quelques heures, mais il est important de faire en sorte que votre ch\u00e8vre se sente \u00e0 l&rsquo;aise dans son enclos avant de commencer \u00e0 lui donner \u00e0 manger. Une fois que votre ch\u00e8vre est habitu\u00e9e \u00e0 son nouvel environnement, vous pouvez commencer \u00e0 lui donner \u00e0 manger. Il existe de nombreux types d&rsquo;aliments pour ch\u00e8vres disponibles sur le march\u00e9, mais il est important de choisir quelque chose qui conviendra \u00e0 votre ch\u00e8vre. Nous vous conseillons de demander au vendeur de votre ch\u00e8vre de vous conseiller : il connait bien cette esp\u00e8ce et a assur\u00e9ment l&rsquo;exp\u00e9rience qui lui permet d&rsquo;\u00eatre de bon conseil.<\/p>\n\n\n\n<p>Il vous faudra ensuite apprendre comment prendre soin de votre animal. Cela peut sembler intimidant, mais il existe de nombreuses ressources disponibles pour vous aider. De nombreux livres existent pour vous aider et les sites  Web (surtout les groupes et forums) fournissent des conseils sur la fa\u00e7on de prendre soin d&rsquo;une ch\u00e8vre. Vous pouvez m\u00eame y poser vos questions au fur et \u00e0 mesure. <br><br>Vous pouvez \u00e9galement demander \u00e0 quelqu&rsquo;un qui \u00e9l\u00e8ve des ch\u00e8vres depuis longtemps quand vous avez un doute. Il sera probablement fort heureux de partager avec vous ses connaissances et sera ravi de vous aider \u00e0 prendre soin de votre ch\u00e8vre.<\/p>\n\n\n\n<p>\u00c9lever une ch\u00e8vre est une exp\u00e9rience enrichissante, mais il y a donc beaucoup \u00e0 apprendre. Si vous suivez les conseils ci-dessus, que vous vous documentez, vous n&rsquo;aurez probablement aucune difficult\u00e9 \u00e0 prendre soin de votre ch\u00e8vre. Avec un peu de patience et de pers\u00e9v\u00e9rance, vous serez bient\u00f4t en mesure de profiter pleinement de l&rsquo;exp\u00e9rience de cette aventure que constitue l&rsquo;adoption d&rsquo;une ch\u00e8vre. <\/p>\n","protected":false},"excerpt":{"rendered":"<p>Si vous avez d\u00e9cid\u00e9 d&rsquo;adopter une ch\u00e8vre, il faut vous faire \u00e0 l&rsquo;id\u00e9e que vous allez avoir devoir commencer &#8230; par r\u00e9fl\u00e9chir si vous \u00eates bien s\u00fbr de vous. La &#8230;<\/p>\n","protected":false},"author":1,"featured_media":0,"parent":0,"menu_order":0,"comment_status":"closed","ping_status":"closed","template":"","meta":{"_mi_skip_tracking":false,"_monsterinsights_sitenote_active":false,"_monsterinsights_sitenote_note":"","_monsterinsights_sitenote_category":0,"footnotes":""},"aioseo_notices":[],"_links":{"self":[{"href":"https:\/\/lachevre.eu\/index.php?rest_route=\/wp\/v2\/pages\/55"}],"collection":[{"href":"https:\/\/lachevre.eu\/index.php?rest_route=\/wp\/v2\/pages"}],"about":[{"href":"https:\/\/lachevre.eu\/index.php?rest_route=\/wp\/v2\/types\/page"}],"author":[{"embeddable":true,"href":"https:\/\/lachevre.eu\/index.php?rest_route=\/wp\/v2\/users\/1"}],"replies":[{"embeddable":true,"href":"https:\/\/lachevre.eu\/index.php?rest_route=%2Fwp%2Fv2%2Fcomments&post=55"}],"version-history":[{"count":3,"href":"https:\/\/lachevre.eu\/index.php?rest_route=\/wp\/v2\/pages\/55\/revisions"}],"predecessor-version":[{"id":61,"href":"https:\/\/lachevre.eu\/index.php?rest_route=\/wp\/v2\/pages\/55\/revisions\/61"}],"wp:attachment":[{"href":"https:\/\/lachevre.eu\/index.php?rest_route=%2Fwp%2Fv2%2Fmedia&parent=55"}],"curies":[{"name":"wp","href":"https:\/\/api.w.org\/{rel}","templated":true}]}}