{"id":74,"date":"2022-09-11T12:28:38","date_gmt":"2022-09-11T12:28:38","guid":{"rendered":"https:\/\/lachevre.eu\/?page_id=74"},"modified":"2022-09-11T12:28:38","modified_gmt":"2022-09-11T12:28:38","slug":"nourrir-une-chevre","status":"publish","type":"page","link":"https:\/\/lachevre.eu\/?page_id=74","title":{"rendered":"Nourrir une ch\u00e8vre"},"content":{"rendered":"\n<figure class=\"wp-block-image size-large\"><img decoding=\"async\" loading=\"lazy\" width=\"1024\" height=\"683\" src=\"https:\/\/lachevre.eu\/wp-content\/uploads\/2022\/09\/goat-g1f4ab00ea_1920-1024x683.jpg\" alt=\"\" class=\"wp-image-75\" srcset=\"https:\/\/lachevre.eu\/wp-content\/uploads\/2022\/09\/goat-g1f4ab00ea_1920-1024x683.jpg 1024w, https:\/\/lachevre.eu\/wp-content\/uploads\/2022\/09\/goat-g1f4ab00ea_1920-300x200.jpg 300w, https:\/\/lachevre.eu\/wp-content\/uploads\/2022\/09\/goat-g1f4ab00ea_1920-768x512.jpg 768w, https:\/\/lachevre.eu\/wp-content\/uploads\/2022\/09\/goat-g1f4ab00ea_1920-1536x1024.jpg 1536w, https:\/\/lachevre.eu\/wp-content\/uploads\/2022\/09\/goat-g1f4ab00ea_1920.jpg 1920w\" sizes=\"(max-width: 1024px) 100vw, 1024px\" \/><\/figure>\n\n\n\n<p>Les ch\u00e8vres ont besoin de beaucoup de nourriture et elles doivent en avoir \u00e0 disposition tout au long de la journ\u00e9e. Dans cet article, nous allons vous donner quelques conseils sur ce qu&rsquo;il faut donner \u00e0 votre ch\u00e8vre et sur les aliments qui lui font le plus plaisir!<\/p>\n\n\n\n<p>Les ch\u00e8vres adorent l&rsquo;herbe, alors si vous avez un jardin, laissez-la y gambader et p\u00e2turer \u00e0 sa guise. Les ch\u00e8vres sont \u00e9galement tr\u00e8s gourmandes de feuilles, de branches et de tiges. Si vous n&rsquo;avez pas de jardin, vous pouvez toujours lui donner des feuilles et des branches que vous aurez ramass\u00e9es dans la nature. Il vous faudra par contre prot\u00e9ger les vos arbres et arbustes car votre ch\u00e8vre pourrait les trouver tr\u00e8s app\u00e9tissants ! Il est n\u00e9cessaire \u00e9galement de s&rsquo;assurer, au cas par cas, de s&rsquo;assurer qu&rsquo;une de vos plantes n&rsquo;est pas toxique pour l&rsquo;animal si elle est ing\u00e9r\u00e9e.<\/p>\n\n\n\n<p>Les ch\u00e8vres aiment \u00e9galement les fruits et les l\u00e9gumes. Vous pouvez leur donner des pommes, des poires, des carottes, des betteraves, etc. Les ch\u00e8vres adorent aussi les graines et les noix. Vous pouvez leur donner un peu de pain pour qu&rsquo;elles puissent se rassasier, mais n&rsquo;en donnez pas trop car elles risquent de grossir et le pain peut perturber la digestion de votre ch\u00e8vre..<\/p>\n\n\n\n<p>En plus de tous ces aliments, les ch\u00e8vres ont besoin d&rsquo;eau \u00e0 volont\u00e9. Vous pouvez leur donner de l&rsquo;eau du robinet ou de l&rsquo;eau de pluie. Si vous avez des doutes quant \u00e0 la qualit\u00e9 de l&rsquo;eau, il est toujours pr\u00e9f\u00e9rable de demander conseil  \u00e0 un \u00e9leveur exp\u00e9riment\u00e9. Votre ch\u00e8vre sera heureuse et en bonne sant\u00e9 si vous prenez soin de son alimentation!<\/p>\n\n\n\n<p>Maintenant que vous savez comment nourrir une ch\u00e8vre, n&rsquo;h\u00e9sitez pas \u00e0 en adopter une chez vous! Les ch\u00e8vres sont de magnifiques animaux et elles feront tr\u00e8s rapidement partie de votre famille!<\/p>\n","protected":false},"excerpt":{"rendered":"<p>Les ch\u00e8vres ont besoin de beaucoup de nourriture et elles doivent en avoir \u00e0 disposition tout au long de la journ\u00e9e. Dans cet article, nous allons vous donner quelques conseils &#8230;<\/p>\n","protected":false},"author":1,"featured_media":0,"parent":0,"menu_order":0,"comment_status":"closed","ping_status":"closed","template":"","meta":{"_mi_skip_tracking":false,"_monsterinsights_sitenote_active":false,"_monsterinsights_sitenote_note":"","_monsterinsights_sitenote_category":0,"footnotes":""},"aioseo_notices":[],"_links":{"self":[{"href":"https:\/\/lachevre.eu\/index.php?rest_route=\/wp\/v2\/pages\/74"}],"collection":[{"href":"https:\/\/lachevre.eu\/index.php?rest_route=\/wp\/v2\/pages"}],"about":[{"href":"https:\/\/lachevre.eu\/index.php?rest_route=\/wp\/v2\/types\/page"}],"author":[{"embeddable":true,"href":"https:\/\/lachevre.eu\/index.php?rest_route=\/wp\/v2\/users\/1"}],"replies":[{"embeddable":true,"href":"https:\/\/lachevre.eu\/index.php?rest_route=%2Fwp%2Fv2%2Fcomments&post=74"}],"version-history":[{"count":1,"href":"https:\/\/lachevre.eu\/index.php?rest_route=\/wp\/v2\/pages\/74\/revisions"}],"predecessor-version":[{"id":77,"href":"https:\/\/lachevre.eu\/index.php?rest_route=\/wp\/v2\/pages\/74\/revisions\/77"}],"wp:attachment":[{"href":"https:\/\/lachevre.eu\/index.php?rest_route=%2Fwp%2Fv2%2Fmedia&parent=74"}],"curies":[{"name":"wp","href":"https:\/\/api.w.org\/{rel}","templated":true}]}}