{"id":78,"date":"2022-09-12T10:55:58","date_gmt":"2022-09-12T10:55:58","guid":{"rendered":"https:\/\/lachevre.eu\/?page_id=78"},"modified":"2022-09-12T16:29:33","modified_gmt":"2022-09-12T16:29:33","slug":"une-chevre-en-exterieur","status":"publish","type":"page","link":"https:\/\/lachevre.eu\/?page_id=78","title":{"rendered":"Une ch\u00e8vre en ext\u00e9rieur ?"},"content":{"rendered":"\n<figure class=\"wp-block-image size-large\"><img decoding=\"async\" loading=\"lazy\" width=\"1024\" height=\"576\" src=\"https:\/\/lachevre.eu\/wp-content\/uploads\/2022\/09\/goats-gd73c9ce9b_1920-1024x576.jpg\" alt=\"\" class=\"wp-image-79\" srcset=\"https:\/\/lachevre.eu\/wp-content\/uploads\/2022\/09\/goats-gd73c9ce9b_1920-1024x576.jpg 1024w, https:\/\/lachevre.eu\/wp-content\/uploads\/2022\/09\/goats-gd73c9ce9b_1920-300x169.jpg 300w, https:\/\/lachevre.eu\/wp-content\/uploads\/2022\/09\/goats-gd73c9ce9b_1920-768x432.jpg 768w, https:\/\/lachevre.eu\/wp-content\/uploads\/2022\/09\/goats-gd73c9ce9b_1920-1536x864.jpg 1536w, https:\/\/lachevre.eu\/wp-content\/uploads\/2022\/09\/goats-gd73c9ce9b_1920.jpg 1920w\" sizes=\"(max-width: 1024px) 100vw, 1024px\" \/><\/figure>\n\n\n\n<p>Peut-on garder une ch\u00e8vre en ext\u00e9rieur durant toute l&rsquo;ann\u00e9e ?<\/p>\n\n\n\n<p>Peut-on garder une ch\u00e8vre en ext\u00e9rieur durant toute l&rsquo;ann\u00e9e ? La r\u00e9ponse est oui, \u00e0 condition de prendre certaines pr\u00e9cautions ! Certaines ch\u00e8vres ont besoin de vivre en ext\u00e9rieur durant toute l&rsquo;ann\u00e9e. Pour les ch\u00e8vres qui ne supportent pas le froid, il existe des solutions pour les garder \u00e0 l&rsquo;ext\u00e9rieur malgr\u00e9 les basses temp\u00e9ratures.<\/p>\n\n\n\n<p>En effet, il est important de savoir que les ch\u00e8vres ont besoin d&rsquo;\u00eatre au chaud et \u00e0 l&rsquo;abri du vent. Ainsi, il faut veiller \u00e0 ce qu&rsquo;elles aient un abri adapt\u00e9 pour passer l&rsquo;hiver. De plus, il est important de leur donner des fourrage et des compl\u00e9ments alimentaires adapt\u00e9s pour qu&rsquo;elles puissent supporter le froid. Enfin, il faut \u00e9galement penser \u00e0 nettoyer r\u00e9guli\u00e8rement leur abri pour \u00e9viter tout risque de maladie. Avec ces quelques pr\u00e9cautions, vous pouvez garder votre ch\u00e8vre en ext\u00e9rieur durant toute l&rsquo;ann\u00e9e !<\/p>\n","protected":false},"excerpt":{"rendered":"<p>Peut-on garder une ch\u00e8vre en ext\u00e9rieur durant toute l&rsquo;ann\u00e9e ? Peut-on garder une ch\u00e8vre en ext\u00e9rieur durant toute l&rsquo;ann\u00e9e ? La r\u00e9ponse est oui, \u00e0 condition de prendre certaines pr\u00e9cautions &#8230;<\/p>\n","protected":false},"author":1,"featured_media":0,"parent":0,"menu_order":0,"comment_status":"closed","ping_status":"closed","template":"","meta":{"_mi_skip_tracking":false,"_monsterinsights_sitenote_active":false,"_monsterinsights_sitenote_note":"","_monsterinsights_sitenote_category":0,"footnotes":""},"aioseo_notices":[],"_links":{"self":[{"href":"https:\/\/lachevre.eu\/index.php?rest_route=\/wp\/v2\/pages\/78"}],"collection":[{"href":"https:\/\/lachevre.eu\/index.php?rest_route=\/wp\/v2\/pages"}],"about":[{"href":"https:\/\/lachevre.eu\/index.php?rest_route=\/wp\/v2\/types\/page"}],"author":[{"embeddable":true,"href":"https:\/\/lachevre.eu\/index.php?rest_route=\/wp\/v2\/users\/1"}],"replies":[{"embeddable":true,"href":"https:\/\/lachevre.eu\/index.php?rest_route=%2Fwp%2Fv2%2Fcomments&post=78"}],"version-history":[{"count":1,"href":"https:\/\/lachevre.eu\/index.php?rest_route=\/wp\/v2\/pages\/78\/revisions"}],"predecessor-version":[{"id":81,"href":"https:\/\/lachevre.eu\/index.php?rest_route=\/wp\/v2\/pages\/78\/revisions\/81"}],"wp:attachment":[{"href":"https:\/\/lachevre.eu\/index.php?rest_route=%2Fwp%2Fv2%2Fmedia&parent=78"}],"curies":[{"name":"wp","href":"https:\/\/api.w.org\/{rel}","templated":true}]}}