{"id":85,"date":"2022-09-12T11:28:45","date_gmt":"2022-09-12T11:28:45","guid":{"rendered":"https:\/\/lachevre.eu\/?page_id=85"},"modified":"2022-09-12T11:28:45","modified_gmt":"2022-09-12T11:28:45","slug":"sevrage-du-chevreau","status":"publish","type":"page","link":"https:\/\/lachevre.eu\/?page_id=85","title":{"rendered":"Sevrage du chevreau"},"content":{"rendered":"\n<figure class=\"wp-block-image size-large\"><img decoding=\"async\" loading=\"lazy\" width=\"1024\" height=\"683\" src=\"https:\/\/lachevre.eu\/wp-content\/uploads\/2022\/09\/kid-ga56b51053_1920-1024x683.jpg\" alt=\"\" class=\"wp-image-86\" srcset=\"https:\/\/lachevre.eu\/wp-content\/uploads\/2022\/09\/kid-ga56b51053_1920-1024x683.jpg 1024w, https:\/\/lachevre.eu\/wp-content\/uploads\/2022\/09\/kid-ga56b51053_1920-300x200.jpg 300w, https:\/\/lachevre.eu\/wp-content\/uploads\/2022\/09\/kid-ga56b51053_1920-768x512.jpg 768w, https:\/\/lachevre.eu\/wp-content\/uploads\/2022\/09\/kid-ga56b51053_1920-1536x1025.jpg 1536w, https:\/\/lachevre.eu\/wp-content\/uploads\/2022\/09\/kid-ga56b51053_1920.jpg 1920w\" sizes=\"(max-width: 1024px) 100vw, 1024px\" \/><figcaption>Le cheveau peut \u00eatre sevr\u00e9 \u00e0 partir de 2 mois<\/figcaption><\/figure>\n\n\n\n<p>Quand sevrer un chevreau et quoi lui donner \u00e0 manger ?<br><br>Le chevreau est sevr\u00e9 \u00e0 partir de 2 mois. A cet \u00e2ge, on peut lui donner \u00e0 manger du foin et des p\u00e2tures. Il faut \u00e9viter de trop le suralimenter, car il pourrait d\u00e9velopper des troubles digestifs.<\/p>\n\n\n\n<p>La ch\u00e8vre doit avoir acc\u00e8s \u00e0 un abreuvoir et \u00e0 une mangeoire. Il ne faut pas oublier de nettoyer r\u00e9guli\u00e8rement les abreuvoirs et les mangeoires, car les chevreaux sont tr\u00e8s sensibles aux infections respiratoires.<\/p>\n\n\n\n<p>Lors du sevrage, les chevreaux ont besoin de beaucoup de prot\u00e9ines et de glucides pour grandir. Les aliments \u00e0 leur donner doivent \u00eatre riches en ces \u00e9l\u00e9ments nutritifs. Les principaux aliments sont les c\u00e9r\u00e9ales, les l\u00e9gumineuses, les tourteaux et les r\u00e9sidus v\u00e9g\u00e9taux. Les chevreaux peuvent aussi manger des fruits et des l\u00e9gumes, mais ces aliments ne doivent pas \u00eatre leur principal r\u00e9gime. Une fois que les chevreaux ont atteint l&rsquo;\u00e2ge de six mois, ils peuvent \u00eatre sevr\u00e9s et commencer \u00e0 manger les m\u00eames aliments que les ch\u00e8vres adultes.<\/p>\n","protected":false},"excerpt":{"rendered":"<p>Quand sevrer un chevreau et quoi lui donner \u00e0 manger ? Le chevreau est sevr\u00e9 \u00e0 partir de 2 mois. A cet \u00e2ge, on peut lui donner \u00e0 manger du &#8230;<\/p>\n","protected":false},"author":1,"featured_media":0,"parent":0,"menu_order":0,"comment_status":"closed","ping_status":"closed","template":"","meta":{"_mi_skip_tracking":false,"_monsterinsights_sitenote_active":false,"_monsterinsights_sitenote_note":"","_monsterinsights_sitenote_category":0,"footnotes":""},"aioseo_notices":[],"_links":{"self":[{"href":"https:\/\/lachevre.eu\/index.php?rest_route=\/wp\/v2\/pages\/85"}],"collection":[{"href":"https:\/\/lachevre.eu\/index.php?rest_route=\/wp\/v2\/pages"}],"about":[{"href":"https:\/\/lachevre.eu\/index.php?rest_route=\/wp\/v2\/types\/page"}],"author":[{"embeddable":true,"href":"https:\/\/lachevre.eu\/index.php?rest_route=\/wp\/v2\/users\/1"}],"replies":[{"embeddable":true,"href":"https:\/\/lachevre.eu\/index.php?rest_route=%2Fwp%2Fv2%2Fcomments&post=85"}],"version-history":[{"count":1,"href":"https:\/\/lachevre.eu\/index.php?rest_route=\/wp\/v2\/pages\/85\/revisions"}],"predecessor-version":[{"id":88,"href":"https:\/\/lachevre.eu\/index.php?rest_route=\/wp\/v2\/pages\/85\/revisions\/88"}],"wp:attachment":[{"href":"https:\/\/lachevre.eu\/index.php?rest_route=%2Fwp%2Fv2%2Fmedia&parent=85"}],"curies":[{"name":"wp","href":"https:\/\/api.w.org\/{rel}","templated":true}]}}